{"id":9776,"date":"2022-01-16T04:31:45","date_gmt":"2022-01-16T04:31:45","guid":{"rendered":"http:\/\/localhost\/data\/?page_id=9776"},"modified":"2024-11-06T20:04:31","modified_gmt":"2024-11-06T20:04:31","slug":"disaster-planning","status":"publish","type":"page","link":"https:\/\/se-internet.com.br\/registra\/disaster-planning\/","title":{"rendered":"Disaster Planning"},"content":{"rendered":"\t\t<div data-elementor-type=\"wp-page\" data-elementor-id=\"9776\" class=\"elementor elementor-9776\">\n\t\t\t\t\t\t<section class=\"elementor-section elementor-top-section elementor-element elementor-element-989009b elementor-section-boxed elementor-section-height-default elementor-section-height-default\" data-id=\"989009b\" data-element_type=\"section\">\n\t\t\t\t\t\t<div class=\"elementor-container elementor-column-gap-default\">\n\t\t\t\t\t<div class=\"elementor-column elementor-col-50 elementor-top-column elementor-element elementor-element-8bd7269\" data-id=\"8bd7269\" data-element_type=\"column\">\n\t\t\t<div class=\"elementor-widget-wrap elementor-element-populated\">\n\t\t\t\t\t\t<div class=\"elementor-element elementor-element-e3e4560 elementor-widget elementor-widget-image\" data-id=\"e3e4560\" data-element_type=\"widget\" data-widget_type=\"image.default\">\n\t\t\t\t<div class=\"elementor-widget-container\">\n\t\t\t\t\t\t\t\t\t\t\t\t\t\t\t<img fetchpriority=\"high\" decoding=\"async\" width=\"900\" height=\"550\" src=\"https:\/\/se-internet.com.br\/registra\/wp-content\/uploads\/2022\/01\/b9.jpg\" class=\"attachment-large size-large wp-image-9596\" alt=\"\" srcset=\"https:\/\/se-internet.com.br\/registra\/wp-content\/uploads\/2022\/01\/b9.jpg 900w, https:\/\/se-internet.com.br\/registra\/wp-content\/uploads\/2022\/01\/b9-300x183.jpg 300w, https:\/\/se-internet.com.br\/registra\/wp-content\/uploads\/2022\/01\/b9-768x469.jpg 768w, https:\/\/se-internet.com.br\/registra\/wp-content\/uploads\/2022\/01\/b9-600x367.jpg 600w\" sizes=\"(max-width: 900px) 100vw, 900px\" \/>\t\t\t\t\t\t\t\t\t\t\t\t\t\t\t<\/div>\n\t\t\t\t<\/div>\n\t\t\t\t<div class=\"elementor-element elementor-element-c324515 elementor-widget elementor-widget-witr_section_t_widget\" data-id=\"c324515\" data-element_type=\"widget\" data-widget_type=\"witr_section_t_widget.default\">\n\t\t\t\t<div class=\"elementor-widget-container\">\n\t\t\t\t\t\t\t\t\t\t<!-- text widget center -->\n\t\t\t\t\t<div class=\"witr_text_widget\">\n\t\t\t\t\t\t<div class=\"witr_text_widget_inner\">\n\t\t\t\t\t\t\t<!-- text widget top -->\n\t\t\t\t\t\t\t\t\t\t\t\t\t\n\t\t\t\t\t\t\t<!-- text widget middle -->\n\t\t\t\t\t\t\t\t\t\t\t\t\t\t\t<h2><h1>Registro de Marcas<\/h1><br><\/h2>\t\t\n\t\t\t\t\t\t\t\t\t\t\t\t\t\t<!-- text widget bottom -->\n\t\t\t\t\t\t\t\t\t\t\t\t\t\t\t<h2>Proteja sua Identidade e Aumente o Valor do Seu Neg\u00f3cio<\/h2>\t\t\n\t\t\t\t\t\t\t\t\t\t\t\t\t\n\t\t\t\t\t\t\t<!-- content -->\n\t\t\t\t\t\t\t\t\t\t\t\t\t\t\t<p><div class=\"elementor-element elementor-element-88b1300 elementor-widget elementor-widget-heading\" data-id=\"88b1300\" data-element_type=\"widget\" data-widget_type=\"heading.default\"><div class=\"elementor-widget-container\"><p data-sourcepos=\"15:1-15:314\">O <strong>registro de marcas<\/strong> \u00e9 fundamental para empresas que desejam proteger sua identidade e garantir a exclusividade de seus produtos ou servi\u00e7os. De acordo com a <strong>Lei da Propriedade Industrial (Lei n\u00ba 9.279\/96)<\/strong>, uma marca \u00e9 qualquer sinal distintivo que identifica e diferencia produtos ou servi\u00e7os no mercado.<\/p><h3>As marcas possuem as seguintes\u00a0naturezas:<\/h3><ul><li><strong>Marcas de produtos:<\/strong>\u00a0\u00e9 aquela usada para\u00a0distinguir produto de outros id\u00eanticos, semelhantes ou afins, de origem diversa.<\/li><li><strong>Marcas de servi\u00e7os:<\/strong> \u00e9 aquela usada para distinguir servi\u00e7os de outros id\u00eanticos, semelhantes ou afins, de origem diversa.<\/li><li><strong>Marca Coletiva:<\/strong> \u00e9 aquela destinada a identificar e distinguir, no mercado, produto ou servi\u00e7o proveniente de membros de uma pessoa jur\u00eddica representativa de uma coletividade, de outros produtos ou servi\u00e7os iguais, semelhantes ou afins, de proced\u00eancia diversa.<\/li><li><strong>Marca de Certifica\u00e7\u00e3o:<\/strong>\u00a0\u00e9 aquela usada\u00a0para atestar a conformidade de um produto ou servi\u00e7o com determinadas normas,\u00a0padr\u00f5es ou especifica\u00e7\u00f5es t\u00e9cnicas, notadamente quanto \u00e0 qualidade, natureza,\u00a0material utilizado e metodologia empregada.<\/li><\/ul><p>\u00a0<\/p><h3>As marcas tamb\u00e9m se apresentam das\u00a0seguintes maneiras:<\/h3><ul><li><strong>Marca nominativa:<\/strong> \u00e9 o sinal constitu\u00eddo por uma ou mais palavras no sentido amplo do alfabeto romano, compreendendo, tamb\u00e9m, os neologismos e as combina\u00e7\u00f5es de letras e\/ou algarismos romanos e\/ou ar\u00e1bicos, desde que esses elementos n\u00e3o se apresentem sob forma fantasiosa ou figurativa.<\/li><li><strong>Marca mista:<\/strong> \u00e9 aquela constitu\u00edda pela combina\u00e7\u00e3o de elementos nominativos e figurativos ou de elementos nominativos, cuja grafia se apresenta de forma estilizada.<\/li><li><strong>Marca figurativa<\/strong>\u00a0(desenho, imagem, figura e\/ou s\u00edmbolo)<strong>:<\/strong> \u00e9 aquela constitu\u00edda de forma fantasiosa ou figurativa de letra ou algarismo isoladamente, ou acompanhado por desenho, imagem, figura ou s\u00edmbolo, dissociada de nomes.<\/li><li><strong>Marca tridimensional:<\/strong>\u00a0\u00e9 o sinal\u00a0constitu\u00eddo pela forma pl\u00e1stica distintiva do produto ou do seu \u00a0acondicionamento ou da sua embalagem. Para ser registr\u00e1vel, a forma\u00a0tridimensional distintiva de produto ou servi\u00e7o dever\u00e1 estar dissociada de\u00a0efeito t\u00e9cnico.<\/li><\/ul><\/div><\/div><\/p>\t\t\n\t\t\t\t\t\t\t\t\t\t\t\t\t\t\n\t\t\t\t\t\t\t<!--- List content --->\n\t\t\t\t\t\t\t<div class=\"witr_widget_list\">\n\t\t\t\t\t\t\t\t<ul>\t\t\t\t\t\t\t\n\t\t\t\t\t\t\t\t\t\t\t\t\t\t\t\t\t<\/ul>\n\t\t\t\t\t\t\t\t\t\n\t\t\t\t\t\t\t<\/div>\t\t\t\t\t\t\t\n\t\t\t\t\t\t<\/div>\n\t\t\t\t\t<\/div>\n\n\t\t\t\t\t\t\t\t<\/div>\n\t\t\t\t<\/div>\n\t\t\t\t\t<\/div>\n\t\t<\/div>\n\t\t\t\t<div class=\"elementor-column elementor-col-50 elementor-top-column elementor-element elementor-element-26e4f92\" data-id=\"26e4f92\" data-element_type=\"column\">\n\t\t\t<div class=\"elementor-widget-wrap elementor-element-populated\">\n\t\t\t\t\t\t<div class=\"elementor-element elementor-element-ab7759a poket-star-rating--align-center poket-star-rating--align-center elementor-widget elementor-widget-witr_section_list\" data-id=\"ab7759a\" data-element_type=\"widget\" data-widget_type=\"witr_section_list.default\">\n\t\t\t\t<div class=\"elementor-widget-container\">\n\t\t\t\t\t\t\t\n\t\t\t<div class=\"departmentList all_list_color\">\n\t\t\t\t<!-- title -->\n\t\t\t\t\t\t\t\t<h3>All  Visa <\/h3>\n\t\t\t\t\n\t\t\t\t\t<ul>\n\t\t\t\t\t\t\t\t\t\t\t\t\t\t\t\t\t\t<li>\n\t\t\t\t\t\t\t\t\t\t\t\t\t\t\t\t<span>\n\t\t\t\t\t\t\t\t\t\t\t\t\t\t\t\t\t\t\t<i class=\"fas fa-angle-double-right\"><\/i>\n\t\t\t\t\t\t\t\t\tApplication Security\t\t\t\t\t\t\t\t<\/span>\n\t\t\t\t\t\t\t<\/li>\n\t\t\t\t\t\t\t\t\t\t\t\t\t<li>\n\t\t\t\t\t\t\t\t\t\t\t\t\t\t\t\t<span>\n\t\t\t\t\t\t\t\t\t\t\t\t\t\t\t\t\t\t\t<i class=\"fas fa-angle-double-right\"><\/i>\n\t\t\t\t\t\t\t\t\tBusiness Security\t\t\t\t\t\t\t\t<\/span>\n\t\t\t\t\t\t\t<\/li>\n\t\t\t\t\t\t\t\t\t\t\t\t\t<li>\n\t\t\t\t\t\t\t\t\t\t\t\t\t\t\t\t<span>\n\t\t\t\t\t\t\t\t\t\t\t\t\t\t\t\t\t\t\t<i class=\"fas fa-angle-double-right\"><\/i>\n\t\t\t\t\t\t\t\t\tTransit Security\t\t\t\t\t\t\t\t<\/span>\n\t\t\t\t\t\t\t<\/li>\n\t\t\t\t\t\t\t\t\t\t\t\t\t<li>\n\t\t\t\t\t\t\t\t\t\t\t\t\t\t\t\t<span>\n\t\t\t\t\t\t\t\t\t\t\t\t\t\t\t\t\t\t\t<i class=\"fas fa-angle-double-right\"><\/i>\n\t\t\t\t\t\t\t\t\tTourists Security\t\t\t\t\t\t\t\t<\/span>\n\t\t\t\t\t\t\t<\/li>\n\t\t\t\t\t\t\t\t\t\t\t\t\t<li>\n\t\t\t\t\t\t\t\t\t\t\t\t\t\t\t\t<span>\n\t\t\t\t\t\t\t\t\t\t\t\t\t\t\t\t\t\t\t<i class=\"fas fa-angle-double-right\"><\/i>\n\t\t\t\t\t\t\t\t\tDiplomatic Security\t\t\t\t\t\t\t\t<\/span>\n\t\t\t\t\t\t\t<\/li>\n\t\t\t\t\t\t\t\t\t\t\t\n\t\t\t\t\t<\/ul>\t\t\t\t\t\n\t\t\t\t<!-- button -->\n\t\t\t\t\t\t\t\t\n\t\t\t<\/div>\t\t\n\n\t\t\t\t\t\t<\/div>\n\t\t\t\t<\/div>\n\t\t\t\t<div class=\"elementor-element elementor-element-5599a6e poket-star-rating--align-center elementor-widget elementor-widget-witr_section_apartment\" data-id=\"5599a6e\" data-element_type=\"widget\" data-widget_type=\"witr_section_apartment.default\">\n\t\t\t\t<div class=\"elementor-widget-container\">\n\t\t\t\t\t\n\t\t\t\t\t<div class=\"apartment_area\">\t\t\t\t\n\t\t\t\t\t\t<div class=\"apartment_text\">\t\t\n\t\t\t\t\t\t\t<!-- title -->\n\t\t\t\t\t\t\t\t\t\n\t\t\t\t\t\t\t<!-- content -->\n\t\t\t\t\t\t\t\t\t\t\t\t\t\t\t<h2>Free Online Assessment <\/h2>\t\t\n\t\t\t\t\t\t\t\t\t\t\t\t\t\t\n\t\t\t\t\t\t<\/div>\t\t\n\t\t\t\t\t\t<div class=\"witr_apartment_form\">\t\t\t\t\t\n\t\t\t\t\t\t\n<div class=\"wpcf7 no-js\" id=\"wpcf7-f4355-o1\" lang=\"en-US\" dir=\"ltr\" data-wpcf7-id=\"4355\">\n<div class=\"screen-reader-response\"><p role=\"status\" aria-live=\"polite\" aria-atomic=\"true\"><\/p> <ul><\/ul><\/div>\n<form action=\"\/registra\/wp-json\/wp\/v2\/pages\/9776#wpcf7-f4355-o1\" method=\"post\" class=\"wpcf7-form init\" aria-label=\"Contact form\" novalidate=\"novalidate\" data-status=\"init\">\n<div style=\"display: none;\">\n<input type=\"hidden\" name=\"_wpcf7\" value=\"4355\" \/>\n<input type=\"hidden\" name=\"_wpcf7_version\" value=\"6.0.4\" \/>\n<input type=\"hidden\" name=\"_wpcf7_locale\" value=\"en_US\" \/>\n<input type=\"hidden\" name=\"_wpcf7_unit_tag\" value=\"wpcf7-f4355-o1\" \/>\n<input type=\"hidden\" name=\"_wpcf7_container_post\" value=\"0\" \/>\n<input type=\"hidden\" name=\"_wpcf7_posted_data_hash\" value=\"\" \/>\n<\/div>\n<div class=\"row\">\n\t<div class=\"col-lg-12\">\n\t\t<div class=\"twr_form_box\">\n\t\t\t<p><span class=\"wpcf7-form-control-wrap\" data-name=\"text-30\"><input size=\"40\" maxlength=\"400\" class=\"wpcf7-form-control wpcf7-text wpcf7-validates-as-required form-control\" aria-required=\"true\" aria-invalid=\"false\" placeholder=\"Name*\" value=\"\" type=\"text\" name=\"text-30\" \/><\/span>\n\t\t\t<\/p>\n\t\t<\/div>\n\t<\/div>\n\t<div class=\"col-lg-12\">\n\t\t<div class=\"twr_form_box\">\n\t\t\t<p><span class=\"wpcf7-form-control-wrap\" data-name=\"number-19\"><input class=\"wpcf7-form-control wpcf7-number wpcf7-validates-as-required wpcf7-validates-as-number form-control\" aria-required=\"true\" aria-invalid=\"false\" placeholder=\"Phone*\" value=\"\" type=\"number\" name=\"number-19\" \/><\/span>\n\t\t\t<\/p>\n\t\t<\/div>\n\t<\/div>\n\t<div class=\"col-lg-12\">\n\t\t<div class=\"twr_form_box\">\n\t\t\t<p><span class=\"wpcf7-form-control-wrap\" data-name=\"email-380\"><input size=\"40\" maxlength=\"400\" class=\"wpcf7-form-control wpcf7-email wpcf7-validates-as-required wpcf7-text wpcf7-validates-as-email form-control\" aria-required=\"true\" aria-invalid=\"false\" placeholder=\"Email*\" value=\"\" type=\"email\" name=\"email-380\" \/><\/span>\n\t\t\t<\/p>\n\t\t<\/div>\n\t<\/div>\n\t<div class=\"col-lg-12\">\n\t\t<div class=\"twr_form_box\">\n\t\t\t<p><span class=\"wpcf7-form-control-wrap\" data-name=\"ooselect\"><select class=\"wpcf7-form-control wpcf7-select form-control\" aria-invalid=\"false\" name=\"ooselect\"><option value=\"Choose Visa...\">Choose Visa...<\/option><option value=\"Working Visa\">Working Visa<\/option><option value=\"Study Visa\">Study Visa<\/option><option value=\"Business Visa\">Business Visa<\/option><option value=\"Tourist Visa\">Tourist Visa<\/option><\/select><\/span>\n\t\t\t<\/p>\n\t\t<\/div>\n\t<\/div>\n\t<div class=\"col-lg-12 col-md-12\">\n\t\t<div class=\"twr_form_box \">\n\t\t\t<p><span class=\"wpcf7-form-control-wrap\" data-name=\"textarea\"><textarea cols=\"40\" rows=\"6\" maxlength=\"2000\" class=\"wpcf7-form-control wpcf7-textarea wpcf7-validates-as-required form-control\" aria-required=\"true\" aria-invalid=\"false\" placeholder=\"Text Message*\" name=\"textarea\"><\/textarea><\/span>\n\t\t\t<\/p>\n\t\t<\/div>\n\t\t<p><button type=\"submit\" class=\"btn btn-primary\">Send Message<\/button>\n\t\t<\/p>\n\t<\/div>\n<\/div><div class=\"wpcf7-response-output\" aria-hidden=\"true\"><\/div>\n<\/form>\n<\/div>\n\t\t\t\t\t\t\t\t\n\t\t\t\t\t\t<\/div>\n\t\t\t\t\t<\/div>\t\t\t\t\t\n\t\t\n\t\t\t\t\t\t<\/div>\n\t\t\t\t<\/div>\n\t\t\t\t<div class=\"elementor-element elementor-element-1128d75 poket-star-rating--align-center poket-star-rating--align-center elementor-widget elementor-widget-witr_section_list\" data-id=\"1128d75\" data-element_type=\"widget\" data-widget_type=\"witr_section_list.default\">\n\t\t\t\t<div class=\"elementor-widget-container\">\n\t\t\t\t\t\t\t\n\t\t\t<div class=\"departmentList all_list_color\">\n\t\t\t\t<!-- title -->\n\t\t\t\t\t\t\t\t<h3>Education Coaching\n\n\n <\/h3>\n\t\t\t\t\n\t\t\t\t\t<ul>\n\t\t\t\t\t\t\t\t\t\t\t\t\t\t\t\t\t\t<li>\n\t\t\t\t\t\t\t\t\t\t\t\t\t\t\t\t<span>\n\t\t\t\t\t\t\t\t\t\t\t\t\t\t\t\t\t\t\t<i class=\"fas fa-angle-double-right\"><\/i>\n\t\t\t\t\t\t\t\t\tTOEFL\t\t\t\t\t\t\t\t<\/span>\n\t\t\t\t\t\t\t<\/li>\n\t\t\t\t\t\t\t\t\t\t\t\t\t<li>\n\t\t\t\t\t\t\t\t\t\t\t\t\t\t\t\t<span>\n\t\t\t\t\t\t\t\t\t\t\t\t\t\t\t\t\t\t\t<i class=\"fas fa-angle-double-right\"><\/i>\n\t\t\t\t\t\t\t\t\tPTE Coaching\t\t\t\t\t\t\t\t<\/span>\n\t\t\t\t\t\t\t<\/li>\n\t\t\t\t\t\t\t\t\t\t\t\t\t<li>\n\t\t\t\t\t\t\t\t\t\t\t\t\t\t\t\t<span>\n\t\t\t\t\t\t\t\t\t\t\t\t\t\t\t\t\t\t\t<i class=\"fas fa-angle-double-right\"><\/i>\n\t\t\t\t\t\t\t\t\tTake IELTS\t\t\t\t\t\t\t\t<\/span>\n\t\t\t\t\t\t\t<\/li>\n\t\t\t\t\t\t\t\t\t\t\t\t\t<li>\n\t\t\t\t\t\t\t\t\t\t\t\t\t\t\t\t<span>\n\t\t\t\t\t\t\t\t\t\t\t\t\t\t\t\t\t\t\t<i class=\"fas fa-angle-double-right\"><\/i>\n\t\t\t\t\t\t\t\t\tTake IELTS\t\t\t\t\t\t\t\t<\/span>\n\t\t\t\t\t\t\t<\/li>\n\t\t\t\t\t\t\t\t\t\t\t\t\t<li>\n\t\t\t\t\t\t\t\t\t\t\t\t\t\t\t\t<span>\n\t\t\t\t\t\t\t\t\t\t\t\t\t\t\t\t\t\t\t<i class=\"fas fa-angle-double-right\"><\/i>\n\t\t\t\t\t\t\t\t\tSAT Coaching\t\t\t\t\t\t\t\t<\/span>\n\t\t\t\t\t\t\t<\/li>\n\t\t\t\t\t\t\t\t\t\t\t\t\t<li>\n\t\t\t\t\t\t\t\t\t\t\t\t\t\t\t\t<span>\n\t\t\t\t\t\t\t\t\t\t\t\t\t\t\t\t\t\t\t<i class=\"fas fa-angle-double-right\"><\/i>\n\t\t\t\t\t\t\t\t\tSkills Exam\t\t\t\t\t\t\t\t<\/span>\n\t\t\t\t\t\t\t<\/li>\n\t\t\t\t\t\t\t\t\t\t\t\n\t\t\t\t\t<\/ul>\t\t\t\t\t\n\t\t\t\t<!-- button -->\n\t\t\t\t\t\t\t\t\n\t\t\t<\/div>\t\t\n\n\t\t\t\t\t\t<\/div>\n\t\t\t\t<\/div>\n\t\t\t\t\t<\/div>\n\t\t<\/div>\n\t\t\t\t\t<\/div>\n\t\t<\/section>\n\t\t\t\t<section class=\"elementor-section elementor-top-section elementor-element elementor-element-e68187d elementor-section-full_width elementor-section-height-default elementor-section-height-default\" data-id=\"e68187d\" data-element_type=\"section\" data-settings=\"{&quot;background_background&quot;:&quot;slideshow&quot;,&quot;background_slideshow_gallery&quot;:[{&quot;id&quot;:9400,&quot;url&quot;:&quot;https:\\\/\\\/se-internet.com.br\\\/registra\\\/wp-content\\\/uploads\\\/2022\\\/01\\\/service-bg-img.jpg&quot;}],&quot;background_slideshow_loop&quot;:&quot;yes&quot;,&quot;background_slideshow_slide_duration&quot;:5000,&quot;background_slideshow_slide_transition&quot;:&quot;fade&quot;,&quot;background_slideshow_transition_duration&quot;:500}\">\n\t\t\t\t\t\t\t<div class=\"elementor-background-overlay\"><\/div>\n\t\t\t\t\t\t\t<div class=\"elementor-container elementor-column-gap-default\">\n\t\t\t\t\t<div class=\"elementor-column elementor-col-100 elementor-top-column elementor-element elementor-element-155e7a6\" data-id=\"155e7a6\" data-element_type=\"column\">\n\t\t\t<div class=\"elementor-widget-wrap elementor-element-populated\">\n\t\t\t\t\t\t<section class=\"elementor-section elementor-inner-section elementor-element elementor-element-e8f901e elementor-section-boxed elementor-section-height-default elementor-section-height-default\" data-id=\"e8f901e\" data-element_type=\"section\" data-settings=\"{&quot;background_background&quot;:&quot;video&quot;}\">\n\t\t\t\t\t\t<div class=\"elementor-container elementor-column-gap-default\">\n\t\t\t\t\t<div class=\"elementor-column elementor-col-100 elementor-inner-column elementor-element elementor-element-3b600bc\" data-id=\"3b600bc\" data-element_type=\"column\">\n\t\t\t<div class=\"elementor-widget-wrap elementor-element-populated\">\n\t\t\t\t\t\t<div class=\"elementor-element elementor-element-fc00e85 elementor-widget elementor-widget-witr_ac_cl\" data-id=\"fc00e85\" data-element_type=\"widget\" data-widget_type=\"witr_ac_cl.default\">\n\t\t\t\t<div class=\"elementor-widget-container\">\n\t\t\t\t\t\t\t\n\t\t\n\t\t\n\n                <div class=\"accordion_area\">\n                    <div class=\"faq-part\">\n                        <div id=\"accordion\">\n\t\t\t\t\t\t\t\t\t\t\t\t\t\t\t<div class=\"card card-2  active show\">\n\t\t\t\t\t\t\t\t\t<div class=\"card-header witr_ac_card\">\n\t\t\t\t\t\t\t\t\t\t<a href=\"#\" class=\"card-link witr_ac_style\" data-toggle=\"collapse\" data-target=\"#collapse_604ed2d\" aria-expanded=\"true\">\n\t\t\t\t\t\t\t\t\t\t\t<!-- icon -->\n\t\t\t\t\t\t\t\t\t\t\t\t\t\t\t\t\t\t\t\t\t\t\t<i class=\"\"><\/i>\n\t\t\t\t\t\t\t\t\t\t\t\t\t\t\t\t\t\t\t\t\t\n\t\t\t\t\t\t\t\t\t\t   Por que Registrar Sua Marca?\t\t\t\t\t\t\t\t\t\t<\/a>\n\t\t\t\t\t\t\t\t\t<\/div>\n\t\t\t\t\t\t\t\t\t<div id=\"collapse_604ed2d\" class=\"collapse ac_s_padding  active show\" data-parent=\"#accordion\">\n                                        <ul><li data-sourcepos=\"19:1-19:81\"><strong>Prote\u00e7\u00e3o legal:<\/strong> evita que outras empresas utilizem sua marca indevidamente.<\/li><li data-sourcepos=\"20:1-20:99\"><strong>Valoriza\u00e7\u00e3o da marca:<\/strong> aumenta o valor da sua empresa e facilita a obten\u00e7\u00e3o de financiamentos.<\/li><li data-sourcepos=\"21:1-21:88\"><strong>Preven\u00e7\u00e3o de conflitos:<\/strong> minimiza o risco de disputas legais por direitos de marca.<\/li><li data-sourcepos=\"22:1-23:0\"><strong>Diferencia\u00e7\u00e3o no mercado:<\/strong> posiciona sua marca de forma \u00fanica e memor\u00e1vel.<\/li><\/ul>\t\t\t\t\t\t\t\t\t\t\n\t\t\t\t\t\t\t\t\t<\/div>\n\t\t\t\t\t\t\t\t<\/div> <!-- card -->\t\n\t\t\t\t\t\t\t\t\t\t\t\t\t\t\t<div class=\"card card-2  \">\n\t\t\t\t\t\t\t\t\t<div class=\"card-header witr_ac_card\">\n\t\t\t\t\t\t\t\t\t\t<a href=\"#\" class=\"card-link witr_ac_style\" data-toggle=\"collapse\" data-target=\"#collapse_5c28d92\" aria-expanded=\"true\">\n\t\t\t\t\t\t\t\t\t\t\t<!-- icon -->\n\t\t\t\t\t\t\t\t\t\t\t\t\t\t\t\t\t\t\t\t\t\t\t<i class=\"\"><\/i>\n\t\t\t\t\t\t\t\t\t\t\t\t\t\t\t\t\t\t\t\t\t\n\t\t\t\t\t\t\t\t\t\t   Quais s\u00e3o  as etapas para o registro de uma marca?\t\t\t\t\t\t\t\t\t\t<\/a>\n\t\t\t\t\t\t\t\t\t<\/div>\n\t\t\t\t\t\t\t\t\t<div id=\"collapse_5c28d92\" class=\"collapse ac_s_padding  \" data-parent=\"#accordion\">\n                                        <p data-sourcepos=\"38:1-38:25\"><strong>Processo de Registro:<\/strong><\/p><p data-sourcepos=\"40:1-40:61\">O processo de registro de marca envolve algumas etapas, como:<\/p><ol data-sourcepos=\"42:1-47:0\"><li data-sourcepos=\"42:1-42:81\"><strong>Pesquisa de antecedentes:<\/strong> verifica se a marca desejada j\u00e1 est\u00e1 registrada.<\/li><li data-sourcepos=\"43:1-43:123\"><strong>Prepara\u00e7\u00e3o do pedido:<\/strong> elabora\u00e7\u00e3o do pedido de registro junto ao INPI (Instituto Nacional da Propriedade Industrial).<\/li><li data-sourcepos=\"44:1-44:75\"><strong>An\u00e1lise do INPI:<\/strong> o INPI avalia o pedido e pode solicitar altera\u00e7\u00f5es.<\/li><li data-sourcepos=\"45:1-45:137\"><strong>Publica\u00e7\u00e3o para oposi\u00e7\u00e3o:<\/strong> a marca \u00e9 publicada no Boletim da Propriedade Industrial para que terceiros possam apresentar oposi\u00e7\u00f5es.<\/li><li data-sourcepos=\"46:1-47:0\"><strong>Concess\u00e3o do registro:<\/strong> se n\u00e3o houver oposi\u00e7\u00f5es, o registro \u00e9 concedido.<\/li><\/ol><p data-sourcepos=\"48:1-48:172\"><b>A Registra Marcas e Patentes, <\/b>\u00e9 uma empresa especializada em Propriedade Intelectual, apta para auxiliar seu neg\u00f3cio no processo de registro de sua marca e garantir a prote\u00e7\u00e3o adequada dos seus direitos.<\/p>\t\t\t\t\t\t\t\t\t\t\n\t\t\t\t\t\t\t\t\t<\/div>\n\t\t\t\t\t\t\t\t<\/div> <!-- card -->\t\n\t\t\t\t\t\t\t\t\t\t\t\t\t\t\t<div class=\"card card-2  \">\n\t\t\t\t\t\t\t\t\t<div class=\"card-header witr_ac_card\">\n\t\t\t\t\t\t\t\t\t\t<a href=\"#\" class=\"card-link witr_ac_style\" data-toggle=\"collapse\" data-target=\"#collapse_cca9512\" aria-expanded=\"true\">\n\t\t\t\t\t\t\t\t\t\t\t<!-- icon -->\n\t\t\t\t\t\t\t\t\t\t\t\t\t\t\t\t\t\t\t\t\t\t\t<i class=\"\"><\/i>\n\t\t\t\t\t\t\t\t\t\t\t\t\t\t\t\t\t\t\t\t\t\n\t\t\t\t\t\t\t\t\t\t   Qual a principal diferen\u00e7a entre marcas e patentes?\t\t\t\t\t\t\t\t\t\t<\/a>\n\t\t\t\t\t\t\t\t\t<\/div>\n\t\t\t\t\t\t\t\t\t<div id=\"collapse_cca9512\" class=\"collapse ac_s_padding  \" data-parent=\"#accordion\">\n                                        <p data-sourcepos=\"3:1-3:44\"><strong>Marcas e patentes n\u00e3o s\u00e3o a mesma coisa.<\/strong><\/p><ul data-sourcepos=\"5:1-7:0\"><li data-sourcepos=\"5:1-5:150\"><strong>Marca:<\/strong> \u00e9 um sinal distintivo que identifica um produto ou servi\u00e7o (nome, logo, logotipo). Serve para diferenciar sua oferta das demais no mercado.<\/li><li data-sourcepos=\"6:1-7:0\"><strong>Patente:<\/strong> protege uma inven\u00e7\u00e3o, um novo produto ou processo. \u00c9 concedida para ideias novas e \u00fateis que tenham aplica\u00e7\u00e3o industrial.<\/li><\/ul><p data-sourcepos=\"13:1-13:14\"><strong>Em resumo:<\/strong><\/p><ul data-sourcepos=\"15:1-17:0\"><li data-sourcepos=\"15:1-15:60\">Marcas protegem a identidade de um produto ou servi\u00e7o.<\/li><li data-sourcepos=\"16:1-17:0\">Patentes protegem inven\u00e7\u00f5es e novas tecnologias.<\/li><\/ul><p data-sourcepos=\"18:1-18:238\">\u00c9 importante ressaltar que o processo de registro de marcas e patentes possui requisitos espec\u00edficos e pode variar de pa\u00eds para pa\u00eds.<br \/><br \/>Consulte a Registra Marcas e Patentes para obter orienta\u00e7\u00f5es personalizadas.<\/p>\t\t\t\t\t\t\t\t\t\t\n\t\t\t\t\t\t\t\t\t<\/div>\n\t\t\t\t\t\t\t\t<\/div> <!-- card -->\t\n\t\t\t\t\t\t\t\t\t\t\t\t\t\t\t<div class=\"card card-2  \">\n\t\t\t\t\t\t\t\t\t<div class=\"card-header witr_ac_card\">\n\t\t\t\t\t\t\t\t\t\t<a href=\"#\" class=\"card-link witr_ac_style\" data-toggle=\"collapse\" data-target=\"#collapse_64d9f69\" aria-expanded=\"true\">\n\t\t\t\t\t\t\t\t\t\t\t<!-- icon -->\n\t\t\t\t\t\t\t\t\t\t\t\t\t\t\t\t\t\t\t\t\t\t\t<i class=\"\"><\/i>\n\t\t\t\t\t\t\t\t\t\t\t\t\t\t\t\t\t\t\t\t\t\n\t\t\t\t\t\t\t\t\t\t   Qual o \u00f3rg\u00e3o respons\u00e1vel pelo registro de marcas e patentes no Brasil?\t\t\t\t\t\t\t\t\t\t<\/a>\n\t\t\t\t\t\t\t\t\t<\/div>\n\t\t\t\t\t\t\t\t\t<div id=\"collapse_64d9f69\" class=\"collapse ac_s_padding  \" data-parent=\"#accordion\">\n                                        <p data-sourcepos=\"5:1-5:367\">No Brasil, o \u00f3rg\u00e3o respons\u00e1vel por registrar marcas, patentes, desenhos industriais e outros tipos de propriedade intelectual \u00e9 o <strong>Instituto Nacional da Propriedade Industrial (INPI)<\/strong>.<\/p><p data-sourcepos=\"5:1-5:367\">O INPI \u00e9 uma autarquia federal vinculada ao Minist\u00e9rio da Economia e tem como principal fun\u00e7\u00e3o proteger a propriedade intelectual, garantindo os direitos de inventores e criadores.<\/p><p data-sourcepos=\"7:1-7:21\"><strong>O que o INPI faz?<\/strong><\/p><ul data-sourcepos=\"9:1-13:0\"><li data-sourcepos=\"9:1-9:137\"><strong>Registro:<\/strong> recebe e examina pedidos de registro de marcas, patentes, desenhos industriais e outros tipos de propriedade intelectual.<\/li><li data-sourcepos=\"10:1-10:117\"><strong>Concess\u00e3o:<\/strong> concede os direitos de propriedade intelectual aos titulares ap\u00f3s a an\u00e1lise e aprova\u00e7\u00e3o dos pedidos.<\/li><li data-sourcepos=\"11:1-11:116\"><strong>Vigil\u00e2ncia:<\/strong> monitora o uso das marcas e patentes registradas, combatendo a pirataria e a viola\u00e7\u00e3o de direitos.<\/li><li data-sourcepos=\"12:1-13:0\"><strong>Divulga\u00e7\u00e3o:<\/strong> divulga informa\u00e7\u00f5es sobre a propriedade industrial, promovendo a cultura de inova\u00e7\u00e3o e o desenvolvimento tecnol\u00f3gico.<\/li><\/ul>\t\t\t\t\t\t\t\t\t\t\n\t\t\t\t\t\t\t\t\t<\/div>\n\t\t\t\t\t\t\t\t<\/div> <!-- card -->\t\n\t\t\t\t\t\t\t                        <\/div>\n                    <\/div> <!-- faq part -->\t\t\n                <\/div> \n\n\t\t<script type='text\/javascript'>\n\t\t\tjQuery(function($){\t\t\t\t\n\t\t\t\t$('#accordion .card').each(function () {\n\t\t\t\t\tvar $this = $(this);\n\t\t\t\t\t$this.on('click', function (e) {\n\t\t\t\t\t\tvar has = $this.hasClass('active');\n\t\t\t\t\t\t$('#accordion .card').removeClass('active show');\n\t\t\t\t\t\tif (has) {\n\t\t\t\t\t\t\t$this.removeClass('active show');\n\t\t\t\t\t\t} else {\n\t\t\t\t\t\t\t$this.addClass('active show');\n\t\t\t\t\t\t}\n\t\t\t\t\t});\n\t\t\t\t});\n\t\t\t});\n\t\t<\/script>\t\t\t\t\t\n\t\t\t\t\t\t<\/div>\n\t\t\t\t<\/div>\n\t\t\t\t\t<\/div>\n\t\t<\/div>\n\t\t\t\t\t<\/div>\n\t\t<\/section>\n\t\t\t\t\t<\/div>\n\t\t<\/div>\n\t\t\t\t\t<\/div>\n\t\t<\/section>\n\t\t\t\t<\/div>\n\t\t","protected":false},"excerpt":{"rendered":"<p>Registro de Marcas Proteja sua Identidade e Aumente o Valor do Seu Neg\u00f3cio O registro de marcas \u00e9 fundamental para empresas que desejam proteger sua identidade e garantir a exclusividade de seus produtos ou servi\u00e7os. De acordo com a Lei da Propriedade Industrial (Lei n\u00ba 9.279\/96), uma marca \u00e9 qualquer sinal distintivo que identifica e [&hellip;]<\/p>\n","protected":false},"author":1,"featured_media":0,"parent":0,"menu_order":0,"comment_status":"closed","ping_status":"closed","template":"template-home.php","meta":{"_monsterinsights_skip_tracking":false,"_monsterinsights_sitenote_active":false,"_monsterinsights_sitenote_note":"","_monsterinsights_sitenote_category":0,"footnotes":""},"class_list":["post-9776","page","type-page","status-publish","hentry"],"aioseo_notices":[],"_links":{"self":[{"href":"https:\/\/se-internet.com.br\/registra\/wp-json\/wp\/v2\/pages\/9776","targetHints":{"allow":["GET"]}}],"collection":[{"href":"https:\/\/se-internet.com.br\/registra\/wp-json\/wp\/v2\/pages"}],"about":[{"href":"https:\/\/se-internet.com.br\/registra\/wp-json\/wp\/v2\/types\/page"}],"author":[{"embeddable":true,"href":"https:\/\/se-internet.com.br\/registra\/wp-json\/wp\/v2\/users\/1"}],"replies":[{"embeddable":true,"href":"https:\/\/se-internet.com.br\/registra\/wp-json\/wp\/v2\/comments?post=9776"}],"version-history":[{"count":13,"href":"https:\/\/se-internet.com.br\/registra\/wp-json\/wp\/v2\/pages\/9776\/revisions"}],"predecessor-version":[{"id":11392,"href":"https:\/\/se-internet.com.br\/registra\/wp-json\/wp\/v2\/pages\/9776\/revisions\/11392"}],"wp:attachment":[{"href":"https:\/\/se-internet.com.br\/registra\/wp-json\/wp\/v2\/media?parent=9776"}],"curies":[{"name":"wp","href":"https:\/\/api.w.org\/{rel}","templated":true}]}}